{"id":95,"date":"2022-05-24T08:28:21","date_gmt":"2022-05-24T06:28:21","guid":{"rendered":"https:\/\/www.earlydays.pl\/?page_id=95"},"modified":"2022-05-24T08:28:22","modified_gmt":"2022-05-24T06:28:22","slug":"o-earlydays","status":"publish","type":"page","link":"https:\/\/www.earlydays.pl\/index.php\/o-earlydays\/","title":{"rendered":"O Earlydays"},"content":{"rendered":"\n<p><strong><a href=\"https:\/\/www.earlydays.pl\/\">Earlydays<\/a><\/strong> to najlepsza strona do dzielenia si\u0119 wra\u017ceniami z zakup\u00f3w. U nas znajdziesz najlepsze pomys\u0142y na zakup \u017bywno\u015b\u0107, Prezent, Urz\u0105dzenia, Meble, Zabawki, Obuwie, Torby i Ubranie!<\/p>\n\n\n\n<figure class=\"wp-block-gallery has-nested-images columns-default is-cropped wp-block-gallery-1 is-layout-flex wp-block-gallery-is-layout-flex\">\n<figure class=\"wp-block-image size-large\"><img loading=\"lazy\" decoding=\"async\" width=\"1024\" height=\"577\" data-id=\"91\" src=\"https:\/\/www.earlydays.pl\/wp-content\/uploads\/2022\/05\/simple-blue-bedroom-1024x577-1.jpeg\" alt=\"\" class=\"wp-image-91\" srcset=\"https:\/\/www.earlydays.pl\/wp-content\/uploads\/2022\/05\/simple-blue-bedroom-1024x577-1.jpeg 1024w, https:\/\/www.earlydays.pl\/wp-content\/uploads\/2022\/05\/simple-blue-bedroom-1024x577-1-300x169.jpeg 300w, https:\/\/www.earlydays.pl\/wp-content\/uploads\/2022\/05\/simple-blue-bedroom-1024x577-1-768x433.jpeg 768w\" sizes=\"auto, (max-width: 1024px) 100vw, 1024px\" \/><\/figure>\n\n\n\n<figure class=\"wp-block-image size-large\"><img loading=\"lazy\" decoding=\"async\" width=\"2000\" height=\"2000\" data-id=\"88\" src=\"https:\/\/www.earlydays.pl\/wp-content\/uploads\/2022\/05\/6-3.jpeg\" alt=\"\" class=\"wp-image-88\" srcset=\"https:\/\/www.earlydays.pl\/wp-content\/uploads\/2022\/05\/6-3.jpeg 2000w, https:\/\/www.earlydays.pl\/wp-content\/uploads\/2022\/05\/6-3-300x300.jpeg 300w, https:\/\/www.earlydays.pl\/wp-content\/uploads\/2022\/05\/6-3-1024x1024.jpeg 1024w, https:\/\/www.earlydays.pl\/wp-content\/uploads\/2022\/05\/6-3-150x150.jpeg 150w, https:\/\/www.earlydays.pl\/wp-content\/uploads\/2022\/05\/6-3-768x768.jpeg 768w, https:\/\/www.earlydays.pl\/wp-content\/uploads\/2022\/05\/6-3-1536x1536.jpeg 1536w, https:\/\/www.earlydays.pl\/wp-content\/uploads\/2022\/05\/6-3-400x400.jpeg 400w, https:\/\/www.earlydays.pl\/wp-content\/uploads\/2022\/05\/6-3-100x100.jpeg 100w\" sizes=\"auto, (max-width: 2000px) 100vw, 2000px\" \/><\/figure>\n\n\n\n<figure class=\"wp-block-image size-large\"><img loading=\"lazy\" decoding=\"async\" width=\"1000\" height=\"1000\" data-id=\"87\" src=\"https:\/\/www.earlydays.pl\/wp-content\/uploads\/2022\/05\/6-2.jpg\" alt=\"\" class=\"wp-image-87\" srcset=\"https:\/\/www.earlydays.pl\/wp-content\/uploads\/2022\/05\/6-2.jpg 1000w, https:\/\/www.earlydays.pl\/wp-content\/uploads\/2022\/05\/6-2-300x300.jpg 300w, https:\/\/www.earlydays.pl\/wp-content\/uploads\/2022\/05\/6-2-150x150.jpg 150w, https:\/\/www.earlydays.pl\/wp-content\/uploads\/2022\/05\/6-2-768x768.jpg 768w, https:\/\/www.earlydays.pl\/wp-content\/uploads\/2022\/05\/6-2-400x400.jpg 400w, https:\/\/www.earlydays.pl\/wp-content\/uploads\/2022\/05\/6-2-100x100.jpg 100w\" sizes=\"auto, (max-width: 1000px) 100vw, 1000px\" \/><\/figure>\n\n\n\n<figure class=\"wp-block-image size-large\"><img loading=\"lazy\" decoding=\"async\" width=\"1920\" height=\"1080\" data-id=\"79\" src=\"https:\/\/www.earlydays.pl\/wp-content\/uploads\/2022\/05\/5-3.jpg\" alt=\"\" class=\"wp-image-79\" srcset=\"https:\/\/www.earlydays.pl\/wp-content\/uploads\/2022\/05\/5-3.jpg 1920w, https:\/\/www.earlydays.pl\/wp-content\/uploads\/2022\/05\/5-3-300x169.jpg 300w, https:\/\/www.earlydays.pl\/wp-content\/uploads\/2022\/05\/5-3-1024x576.jpg 1024w, https:\/\/www.earlydays.pl\/wp-content\/uploads\/2022\/05\/5-3-768x432.jpg 768w, https:\/\/www.earlydays.pl\/wp-content\/uploads\/2022\/05\/5-3-1536x864.jpg 1536w\" sizes=\"auto, (max-width: 1920px) 100vw, 1920px\" \/><\/figure>\n\n\n\n<figure class=\"wp-block-image size-large\"><img loading=\"lazy\" decoding=\"async\" width=\"1280\" height=\"720\" data-id=\"78\" src=\"https:\/\/www.earlydays.pl\/wp-content\/uploads\/2022\/05\/5-4.jpg\" alt=\"\" class=\"wp-image-78\" srcset=\"https:\/\/www.earlydays.pl\/wp-content\/uploads\/2022\/05\/5-4.jpg 1280w, https:\/\/www.earlydays.pl\/wp-content\/uploads\/2022\/05\/5-4-300x169.jpg 300w, https:\/\/www.earlydays.pl\/wp-content\/uploads\/2022\/05\/5-4-1024x576.jpg 1024w, https:\/\/www.earlydays.pl\/wp-content\/uploads\/2022\/05\/5-4-768x432.jpg 768w\" sizes=\"auto, (max-width: 1280px) 100vw, 1280px\" \/><\/figure>\n\n\n\n<figure class=\"wp-block-image size-large\"><img loading=\"lazy\" decoding=\"async\" width=\"1200\" height=\"800\" data-id=\"73\" src=\"https:\/\/www.earlydays.pl\/wp-content\/uploads\/2022\/05\/4.jpg\" alt=\"\" class=\"wp-image-73\" srcset=\"https:\/\/www.earlydays.pl\/wp-content\/uploads\/2022\/05\/4.jpg 1200w, https:\/\/www.earlydays.pl\/wp-content\/uploads\/2022\/05\/4-300x200.jpg 300w, https:\/\/www.earlydays.pl\/wp-content\/uploads\/2022\/05\/4-1024x683.jpg 1024w, https:\/\/www.earlydays.pl\/wp-content\/uploads\/2022\/05\/4-768x512.jpg 768w\" sizes=\"auto, (max-width: 1200px) 100vw, 1200px\" \/><\/figure>\n\n\n\n<figure class=\"wp-block-image size-large\"><img loading=\"lazy\" decoding=\"async\" width=\"1920\" height=\"1440\" data-id=\"52\" src=\"https:\/\/www.earlydays.pl\/wp-content\/uploads\/2022\/05\/3-2.jpg\" alt=\"\" class=\"wp-image-52\" srcset=\"https:\/\/www.earlydays.pl\/wp-content\/uploads\/2022\/05\/3-2.jpg 1920w, https:\/\/www.earlydays.pl\/wp-content\/uploads\/2022\/05\/3-2-300x225.jpg 300w, https:\/\/www.earlydays.pl\/wp-content\/uploads\/2022\/05\/3-2-1024x768.jpg 1024w, https:\/\/www.earlydays.pl\/wp-content\/uploads\/2022\/05\/3-2-768x576.jpg 768w, https:\/\/www.earlydays.pl\/wp-content\/uploads\/2022\/05\/3-2-1536x1152.jpg 1536w\" sizes=\"auto, (max-width: 1920px) 100vw, 1920px\" \/><\/figure>\n\n\n\n<figure class=\"wp-block-image size-large\"><img loading=\"lazy\" decoding=\"async\" width=\"915\" height=\"609\" data-id=\"50\" src=\"https:\/\/www.earlydays.pl\/wp-content\/uploads\/2022\/05\/3-3.jpg\" alt=\"\" class=\"wp-image-50\" srcset=\"https:\/\/www.earlydays.pl\/wp-content\/uploads\/2022\/05\/3-3.jpg 915w, https:\/\/www.earlydays.pl\/wp-content\/uploads\/2022\/05\/3-3-300x200.jpg 300w, https:\/\/www.earlydays.pl\/wp-content\/uploads\/2022\/05\/3-3-768x511.jpg 768w\" sizes=\"auto, (max-width: 915px) 100vw, 915px\" \/><\/figure>\n\n\n\n<figure class=\"wp-block-image size-large\"><img loading=\"lazy\" decoding=\"async\" width=\"804\" height=\"536\" data-id=\"38\" src=\"https:\/\/www.earlydays.pl\/wp-content\/uploads\/2022\/05\/2-3.jpg\" alt=\"\" class=\"wp-image-38\" srcset=\"https:\/\/www.earlydays.pl\/wp-content\/uploads\/2022\/05\/2-3.jpg 804w, https:\/\/www.earlydays.pl\/wp-content\/uploads\/2022\/05\/2-3-300x200.jpg 300w, https:\/\/www.earlydays.pl\/wp-content\/uploads\/2022\/05\/2-3-768x512.jpg 768w\" sizes=\"auto, (max-width: 804px) 100vw, 804px\" \/><\/figure>\n\n\n\n<figure class=\"wp-block-image size-large\"><img loading=\"lazy\" decoding=\"async\" width=\"1200\" height=\"630\" data-id=\"31\" src=\"https:\/\/www.earlydays.pl\/wp-content\/uploads\/2022\/05\/1-10.jpg\" alt=\"\" class=\"wp-image-31\" srcset=\"https:\/\/www.earlydays.pl\/wp-content\/uploads\/2022\/05\/1-10.jpg 1200w, https:\/\/www.earlydays.pl\/wp-content\/uploads\/2022\/05\/1-10-300x158.jpg 300w, https:\/\/www.earlydays.pl\/wp-content\/uploads\/2022\/05\/1-10-1024x538.jpg 1024w, https:\/\/www.earlydays.pl\/wp-content\/uploads\/2022\/05\/1-10-768x403.jpg 768w\" sizes=\"auto, (max-width: 1200px) 100vw, 1200px\" \/><\/figure>\n<\/figure>\n\n\n\n<p><\/p>\n","protected":false},"excerpt":{"rendered":"<p>Earlydays to najlepsza strona do dzielenia si\u0119 wra\u017ceniami z zakup\u00f3w. U nas znajdziesz najlepsze pomys\u0142y na zakup \u017bywno\u015b\u0107, Prezent, Urz\u0105dzenia, Meble, Zabawki, Obuwie, Torby i Ubranie!<\/p>\n","protected":false},"author":1,"featured_media":0,"parent":0,"menu_order":0,"comment_status":"closed","ping_status":"closed","template":"","meta":{"footnotes":""},"class_list":["post-95","page","type-page","status-publish","hentry"],"_links":{"self":[{"href":"https:\/\/www.earlydays.pl\/index.php\/wp-json\/wp\/v2\/pages\/95","targetHints":{"allow":["GET"]}}],"collection":[{"href":"https:\/\/www.earlydays.pl\/index.php\/wp-json\/wp\/v2\/pages"}],"about":[{"href":"https:\/\/www.earlydays.pl\/index.php\/wp-json\/wp\/v2\/types\/page"}],"author":[{"embeddable":true,"href":"https:\/\/www.earlydays.pl\/index.php\/wp-json\/wp\/v2\/users\/1"}],"replies":[{"embeddable":true,"href":"https:\/\/www.earlydays.pl\/index.php\/wp-json\/wp\/v2\/comments?post=95"}],"version-history":[{"count":1,"href":"https:\/\/www.earlydays.pl\/index.php\/wp-json\/wp\/v2\/pages\/95\/revisions"}],"predecessor-version":[{"id":96,"href":"https:\/\/www.earlydays.pl\/index.php\/wp-json\/wp\/v2\/pages\/95\/revisions\/96"}],"wp:attachment":[{"href":"https:\/\/www.earlydays.pl\/index.php\/wp-json\/wp\/v2\/media?parent=95"}],"curies":[{"name":"wp","href":"https:\/\/api.w.org\/{rel}","templated":true}]}}